{"id":581,"date":"2023-04-05T15:54:05","date_gmt":"2023-04-05T18:54:05","guid":{"rendered":"http:\/\/lafaranda.kunay.info\/?page_id=581"},"modified":"2026-03-21T22:02:38","modified_gmt":"2026-03-22T01:02:38","slug":"agenda","status":"publish","type":"page","link":"https:\/\/lafaranda.com.ar\/index.php\/agenda\/","title":{"rendered":"Agenda"},"content":{"rendered":"<p>[vc_row][vc_column width=&#8221;1\/2&#8243;][\/vc_column][\/vc_row][vc_row][vc_column][vc_column_text]<em><span style=\"color: #800080;\"><strong>Se puede consultar siempre al wpp 3876056019 para organizar capacitaciones y funciones en eventos, colegios y otras instituciones.<\/strong><\/span><\/em><\/p>\n<p><strong><span style=\"color: #0000ff;\">Novedades La Faranda 2026: <\/span><\/strong><\/p>\n<ul>\n<li>Presentar\u00e1 un nuevo espect\u00e1culo y el reestreno de &#8220;Quijote a la cabeza&#8221;. Pr\u00f3ximamente publicaremos fechas y funciones.<\/li>\n<li>\u00a0 \u00a0Funci<img loading=\"lazy\" decoding=\"async\" class=\"wp-image-1113 alignright\" style=\"color: #333399;\" src=\"https:\/\/lafaranda.com.ar\/wp-content\/uploads\/2026\/03\/Banner-Fedro-y-el-Dragon-Mejor-Editado-124x300.jpg\" alt=\"\" width=\"107\" height=\"259\" srcset=\"https:\/\/lafaranda.com.ar\/wp-content\/uploads\/2026\/03\/Banner-Fedro-y-el-Dragon-Mejor-Editado-124x300.jpg 124w, https:\/\/lafaranda.com.ar\/wp-content\/uploads\/2026\/03\/Banner-Fedro-y-el-Dragon-Mejor-Editado-424x1024.jpg 424w, https:\/\/lafaranda.com.ar\/wp-content\/uploads\/2026\/03\/Banner-Fedro-y-el-Dragon-Mejor-Editado-768x1854.jpg 768w, https:\/\/lafaranda.com.ar\/wp-content\/uploads\/2026\/03\/Banner-Fedro-y-el-Dragon-Mejor-Editado-636x1536.jpg 636w, https:\/\/lafaranda.com.ar\/wp-content\/uploads\/2026\/03\/Banner-Fedro-y-el-Dragon-Mejor-Editado-848x2048.jpg 848w, https:\/\/lafaranda.com.ar\/wp-content\/uploads\/2026\/03\/Banner-Fedro-y-el-Dragon-Mejor-Editado-scaled.jpg 1061w\" sizes=\"auto, (max-width: 107px) 100vw, 107px\" \/>ones para estudiantes de <strong>FEDRO Y EL DRAG\u00d3N.\u00a0 <\/strong><strong>El 14 de mayo<\/strong> en la Sala Juan Carlos D\u00e1valos de la Casa de la Cultura de Salta, Caseros 460.\u00a0 Consultas y Reservas al <strong>3876056019.<\/strong><\/li>\n<\/ul>\n<p><!--more-->[\/vc_column_text][\/vc_column][\/vc_row][vc_row][vc_column][\/vc_column][\/vc_row][vc_row][vc_column][vc_wp_archives][\/vc_column][\/vc_row]<\/p>\n","protected":false},"excerpt":{"rendered":"<p>[vc_row][vc_column width=&#8221;1\/2&#8243;][\/vc_column][\/vc_row][vc_row][vc_column][vc_column_text]Se puede consultar siempre al wpp 3876056019 para organizar capacitaciones y funciones en eventos, colegios y otras instituciones. Novedades La Faranda 2026: Presentar\u00e1 un nuevo espect\u00e1culo y el reestreno de &#8220;Quijote a la cabeza&#8221;. Pr\u00f3ximamente publicaremos fechas y funciones. \u00a0 \u00a0Funciones para estudiantes de FEDRO Y EL DRAG\u00d3N.\u00a0 El 14 de mayo en la Sala Juan Carlos D\u00e1valos de la Casa de la Cultura de Salta, Caseros 460.\u00a0 Consultas y Reservas al 3876056019.<\/p>\n","protected":false},"author":1,"featured_media":0,"parent":0,"menu_order":4,"comment_status":"closed","ping_status":"closed","template":"","meta":{"footnotes":""},"class_list":["post-581","page","type-page","status-publish","hentry"],"_links":{"self":[{"href":"https:\/\/lafaranda.com.ar\/index.php\/wp-json\/wp\/v2\/pages\/581","targetHints":{"allow":["GET"]}}],"collection":[{"href":"https:\/\/lafaranda.com.ar\/index.php\/wp-json\/wp\/v2\/pages"}],"about":[{"href":"https:\/\/lafaranda.com.ar\/index.php\/wp-json\/wp\/v2\/types\/page"}],"author":[{"embeddable":true,"href":"https:\/\/lafaranda.com.ar\/index.php\/wp-json\/wp\/v2\/users\/1"}],"replies":[{"embeddable":true,"href":"https:\/\/lafaranda.com.ar\/index.php\/wp-json\/wp\/v2\/comments?post=581"}],"version-history":[{"count":52,"href":"https:\/\/lafaranda.com.ar\/index.php\/wp-json\/wp\/v2\/pages\/581\/revisions"}],"predecessor-version":[{"id":1116,"href":"https:\/\/lafaranda.com.ar\/index.php\/wp-json\/wp\/v2\/pages\/581\/revisions\/1116"}],"wp:attachment":[{"href":"https:\/\/lafaranda.com.ar\/index.php\/wp-json\/wp\/v2\/media?parent=581"}],"curies":[{"name":"wp","href":"https:\/\/api.w.org\/{rel}","templated":true}]}}