{"id":808,"date":"2023-05-04T22:54:44","date_gmt":"2023-05-05T01:54:44","guid":{"rendered":"http:\/\/lafaranda.kunay.info\/?page_id=808"},"modified":"2023-08-28T14:26:45","modified_gmt":"2023-08-28T17:26:45","slug":"audiovisual","status":"publish","type":"page","link":"https:\/\/lafaranda.com.ar\/index.php\/audiovisual\/","title":{"rendered":"Audiovisual"},"content":{"rendered":"<p>[vc_row][vc_column width=&#8221;1\/2&#8243;][vc_column_text]<strong>EL JOVEN TIGRE Y EL HOMBRE VIEJO. <em>Conectados.<\/em> 2020.<\/strong><\/p>\n<p>Obra de teatro de t\u00edteres audiovisual<\/p>\n<p>(Basada en un cuento popular an\u00f3nimo iran\u00ed.)<\/p>\n<p><strong>Autores:<\/strong> Claudia Pe\u00f1a \u2013 Fernando Arancibia[\/vc_column_text][\/vc_column][vc_column width=&#8221;1\/2&#8243;][vc_video link=&#8221;https:\/\/www.youtube.com\/watch?v=CSSiqUEtVg0&#8243;][\/vc_column][\/vc_row][vc_row][vc_column][vc_separator color=&#8221;custom&#8221; accent_color=&#8221;#c6c6c6&#8243;][\/vc_column][\/vc_row][vc_row][vc_column width=&#8221;1\/2&#8243;][vc_column_text]<strong>TEMPORADA DE DRAGONES 2020<\/strong><\/p>\n<p>Obra de teatro de t\u00edteres audiovisual<\/p>\n<p>12 minutos de duraci\u00f3n<\/p>\n<p><strong>C\u00e1mara e iluminaci\u00f3n:<\/strong>\u00a0Claudia Pe\u00f1a y Fernando Arancibia<\/p>\n<p><strong>Guion original:<\/strong>\u00a0Claudia Pe\u00f1a<\/p>\n<p><strong>Manipulaci\u00f3n de t\u00edteres y voces:<\/strong>\u00a0La Faranda<\/p>\n<p><strong>Edici\u00f3n y postproducci\u00f3n:<\/strong>\u00a0Fernando Arancibia<\/p>\n<p><em>Se rod\u00f3 en Vaqueros en agosto\u00a0 del 2020, durante la Pandemia. Debido a las restricciones del momento los roles t\u00e9cnicos los realizaron solo dos personas, en el predio de su casa propia. <\/em>[\/vc_column_text][\/vc_column][vc_column width=&#8221;1\/2&#8243;][vc_video link=&#8221;https:\/\/www.youtube.com\/watch?v=vsK4wYnDKXg&#8221;][\/vc_column][\/vc_row]<\/p>\n","protected":false},"excerpt":{"rendered":"<p>[vc_row][vc_column width=&#8221;1\/2&#8243;][vc_column_text]EL JOVEN TIGRE Y EL HOMBRE VIEJO. Conectados. 2020. Obra de teatro de t\u00edteres audiovisual (Basada en un cuento popular an\u00f3nimo iran\u00ed.) Autores: Claudia Pe\u00f1a \u2013 Fernando Arancibia[\/vc_column_text][\/vc_column][vc_column width=&#8221;1\/2&#8243;][vc_video link=&#8221;https:\/\/www.youtube.com\/watch?v=CSSiqUEtVg0&#8243;][\/vc_column][\/vc_row][vc_row][vc_column][vc_separator color=&#8221;custom&#8221; accent_color=&#8221;#c6c6c6&#8243;][\/vc_column][\/vc_row][vc_row][vc_column width=&#8221;1\/2&#8243;][vc_column_text]TEMPORADA DE DRAGONES 2020 Obra de teatro de t\u00edteres audiovisual 12 minutos de duraci\u00f3n C\u00e1mara e iluminaci\u00f3n:\u00a0Claudia Pe\u00f1a y Fernando Arancibia Guion original:\u00a0Claudia Pe\u00f1a Manipulaci\u00f3n de t\u00edteres y voces:\u00a0La Faranda Edici\u00f3n y postproducci\u00f3n:\u00a0Fernando Arancibia Se rod\u00f3 en Vaqueros en agosto\u00a0 del 2020, durante la Pandemia. Debido a las restricciones del momento los roles t\u00e9cnicos los realizaron solo dos personas, en el predio de su casa propia. [\/vc_column_text][\/vc_column][vc_column width=&#8221;1\/2&#8243;][vc_video link=&#8221;https:\/\/www.youtube.com\/watch?v=vsK4wYnDKXg&#8221;][\/vc_column][\/vc_row]<\/p>\n","protected":false},"author":1,"featured_media":0,"parent":0,"menu_order":3,"comment_status":"closed","ping_status":"closed","template":"","meta":{"footnotes":""},"class_list":["post-808","page","type-page","status-publish","hentry"],"_links":{"self":[{"href":"https:\/\/lafaranda.com.ar\/index.php\/wp-json\/wp\/v2\/pages\/808","targetHints":{"allow":["GET"]}}],"collection":[{"href":"https:\/\/lafaranda.com.ar\/index.php\/wp-json\/wp\/v2\/pages"}],"about":[{"href":"https:\/\/lafaranda.com.ar\/index.php\/wp-json\/wp\/v2\/types\/page"}],"author":[{"embeddable":true,"href":"https:\/\/lafaranda.com.ar\/index.php\/wp-json\/wp\/v2\/users\/1"}],"replies":[{"embeddable":true,"href":"https:\/\/lafaranda.com.ar\/index.php\/wp-json\/wp\/v2\/comments?post=808"}],"version-history":[{"count":8,"href":"https:\/\/lafaranda.com.ar\/index.php\/wp-json\/wp\/v2\/pages\/808\/revisions"}],"predecessor-version":[{"id":891,"href":"https:\/\/lafaranda.com.ar\/index.php\/wp-json\/wp\/v2\/pages\/808\/revisions\/891"}],"wp:attachment":[{"href":"https:\/\/lafaranda.com.ar\/index.php\/wp-json\/wp\/v2\/media?parent=808"}],"curies":[{"name":"wp","href":"https:\/\/api.w.org\/{rel}","templated":true}]}}